{"id":835,"date":"2025-03-02T15:26:34","date_gmt":"2025-03-02T12:26:34","guid":{"rendered":"https:\/\/avocado.no\/?page_id=835"},"modified":"2025-03-02T20:14:41","modified_gmt":"2025-03-02T17:14:41","slug":"det-harde-det-myke-og-beskyttelsen-rundt","status":"publish","type":"page","link":"https:\/\/avocado.no\/en\/det-harde-det-myke-og-beskyttelsen-rundt\/","title":{"rendered":"The hard, the soft and the protection around"},"content":{"rendered":"<div data-elementor-type=\"wp-page\" data-elementor-id=\"835\" class=\"elementor elementor-835\" data-elementor-post-type=\"page\">\n\t\t\t\t<div class=\"elementor-element elementor-element-51d564e e-con-full e-flex e-con e-parent\" data-id=\"51d564e\" data-element_type=\"container\" data-e-type=\"container\" data-settings=\"{&quot;background_background&quot;:&quot;classic&quot;,&quot;jet_parallax_layout_list&quot;:[]}\">\n\t\t\t\t<\/div>\n\t\t<div class=\"elementor-element elementor-element-a55e297 e-flex e-con-boxed e-con e-parent\" data-id=\"a55e297\" data-element_type=\"container\" data-e-type=\"container\" data-settings=\"{&quot;jet_parallax_layout_list&quot;:[]}\">\n\t\t\t\t\t<div class=\"e-con-inner\">\n\t\t\t\t<div class=\"elementor-element elementor-element-cb857e6 elementor-widget-mobile__width-initial elementor-widget elementor-widget-heading\" data-id=\"cb857e6\" data-element_type=\"widget\" data-e-type=\"widget\" data-widget_type=\"heading.default\">\n\t\t\t\t<div class=\"elementor-widget-container\">\n\t\t\t\t\t<p class=\"elementor-heading-title elementor-size-default\">The hard, the soft and the protection around<\/p>\t\t\t\t<\/div>\n\t\t\t\t<\/div>\n\t\t\t\t<div class=\"elementor-element elementor-element-cc81a6b elementor-widget elementor-widget-text-editor\" data-id=\"cc81a6b\" data-element_type=\"widget\" data-e-type=\"widget\" data-widget_type=\"text-editor.default\">\n\t\t\t\t<div class=\"elementor-widget-container\">\n\t\t\t\t\t\t\t\t\t<p>Vi har l\u00e5nt v\u00e5rt navn fra nahuatl-ordet ahuacatl.<br \/>De spanske conquistadorene endret det til avocado, som var den tidens spanske navn for advokat. For oss er det en fin metafor for v\u00e5r virksomhet.<\/p>\n<p>Vi ser den harde kjernen i frukten som jussen, det myke rundt som det menneskelige, og skallet som det vern og integritet vi \u00f8nsker<br \/>\u00e5 gi v\u00e5re kunder. Sakens kjerne er juss, men det menneskelige rundt er minst like viktig.<\/p>\n<p>V\u00e5rt m\u00e5l er \u00e5 yte den beste juridiske ekspertise, overfor deg personlig eller for bedriften du driver eller er en del av. Vi yter personlig r\u00e5dgivning<br \/>kjennetegnet av h\u00f8y integritet. Din tillit til oss betyr alt.<\/p>\n<p>Det er mennesker bak enhver uenighet. Det er v\u00e5r oppgave \u00e5 s\u00f8ke etter minnelige ordninger der det er mulig. V\u00e5rt samfunnsansvar er \u00e5 bidra til en positiv innvirkning p\u00e5 v\u00e5re<br \/>omgivelser og samfunnet for \u00f8vrig.<\/p>\t\t\t\t\t\t\t\t<\/div>\n\t\t\t\t<\/div>\n\t\t\t\t\t<\/div>\n\t\t\t\t<\/div>\n\t\t<div class=\"elementor-element elementor-element-53c76b7 e-con-full e-flex e-con e-parent\" data-id=\"53c76b7\" data-element_type=\"container\" data-e-type=\"container\" data-settings=\"{&quot;jet_parallax_layout_list&quot;:[]}\">\n\t\t\t\t<div class=\"elementor-element elementor-element-3944850 elementor-widget elementor-widget-template\" data-id=\"3944850\" data-element_type=\"widget\" data-e-type=\"widget\" data-widget_type=\"template.default\">\n\t\t\t\t<div class=\"elementor-widget-container\">\n\t\t\t\t\t\t\t<div class=\"elementor-template\">\n\t\t\t\t\t<div data-elementor-type=\"container\" data-elementor-id=\"589\" class=\"elementor elementor-589\" data-elementor-post-type=\"elementor_library\">\n\t\t\t\t<div class=\"elementor-element elementor-element-b28d7eb e-flex e-con-boxed e-con e-parent\" data-id=\"b28d7eb\" data-element_type=\"container\" data-e-type=\"container\" data-settings=\"{&quot;background_background&quot;:&quot;classic&quot;,&quot;jet_parallax_layout_list&quot;:[]}\">\n\t\t\t\t\t<div class=\"e-con-inner\">\n\t\t\t\t<div class=\"elementor-element elementor-element-78eafc5 elementor-widget elementor-widget-heading\" data-id=\"78eafc5\" data-element_type=\"widget\" data-e-type=\"widget\" data-widget_type=\"heading.default\">\n\t\t\t\t<div class=\"elementor-widget-container\">\n\t\t\t\t\t<p class=\"elementor-heading-title elementor-size-default\">\nContact us<\/p>\t\t\t\t<\/div>\n\t\t\t\t<\/div>\n\t\t\t\t<div class=\"elementor-element elementor-element-7be5796 elementor-widget__width-initial elementor-button-align-stretch elementor-widget elementor-widget-form\" data-id=\"7be5796\" data-element_type=\"widget\" data-e-type=\"widget\" data-settings=\"{&quot;step_next_label&quot;:&quot;\\u0414\\u0430\\u043b\\u0456&quot;,&quot;step_previous_label&quot;:&quot;\\u041f\\u043e\\u043f\\u0435\\u0440\\u0435\\u0434\\u043d\\u0456\\u0439&quot;,&quot;button_width&quot;:&quot;100&quot;,&quot;step_type&quot;:&quot;number_text&quot;,&quot;step_icon_shape&quot;:&quot;circle&quot;}\" data-widget_type=\"form.default\">\n\t\t\t\t<div class=\"elementor-widget-container\">\n\t\t\t\t\t\t\t<form class=\"elementor-form\" method=\"post\" name=\"\u041d\u043e\u0432\u0430 \u0444\u043e\u0440\u043c\u0430\" aria-label=\"\u041d\u043e\u0432\u0430 \u0444\u043e\u0440\u043c\u0430\" action=\"\">\n\t\t\t<input type=\"hidden\" name=\"post_id\" value=\"589\"\/>\n\t\t\t<input type=\"hidden\" name=\"form_id\" value=\"7be5796\"\/>\n\t\t\t<input type=\"hidden\" name=\"referer_title\" value=\"\" \/>\n\n\t\t\t\t\t\t\t<input type=\"hidden\" name=\"queried_id\" value=\"16\"\/>\n\t\t\t\n\t\t\t<div class=\"elementor-form-fields-wrapper elementor-labels-\">\n\t\t\t\t\t\t\t\t<div class=\"elementor-field-type-text elementor-field-group elementor-column elementor-field-group-name elementor-col-100\">\n\t\t\t\t\t\t\t\t\t\t\t\t\t<input size=\"1\" type=\"text\" name=\"form_fields[name]\" id=\"form-field-name\" class=\"elementor-field elementor-size-md  elementor-field-textual\" placeholder=\"Name\">\n\t\t\t\t\t\t\t\t\t\t\t<\/div>\n\t\t\t\t\t\t\t\t<div class=\"elementor-field-type-email elementor-field-group elementor-column elementor-field-group-email elementor-col-100 elementor-field-required\">\n\t\t\t\t\t\t\t\t\t\t\t\t\t<input size=\"1\" type=\"email\" name=\"form_fields[email]\" id=\"form-field-email\" class=\"elementor-field elementor-size-md  elementor-field-textual\" placeholder=\"Email\" required=\"required\">\n\t\t\t\t\t\t\t\t\t\t\t<\/div>\n\t\t\t\t\t\t\t\t<div class=\"elementor-field-type-tel elementor-field-group elementor-column elementor-field-group-phone elementor-col-100\">\n\t\t\t\t\t\t\t<input size=\"1\" type=\"tel\" name=\"form_fields[phone]\" id=\"form-field-phone\" class=\"elementor-field elementor-size-md  elementor-field-textual\" placeholder=\"Mobile phone\" pattern=\"[0-9()#&amp;+*-=.]+\" title=\"Only numbers and phone characters (#, -, *, etc) are accepted.\">\n\n\t\t\t\t\t\t<\/div>\n\t\t\t\t\t\t\t\t<div class=\"elementor-field-type-textarea elementor-field-group elementor-column elementor-field-group-message elementor-col-100\">\n\t\t\t\t\t<textarea class=\"elementor-field-textual elementor-field  elementor-size-md\" name=\"form_fields[message]\" id=\"form-field-message\" rows=\"4\" placeholder=\"Message\"><\/textarea>\t\t\t\t<\/div>\n\t\t\t\t\t\t\t\t<div class=\"elementor-field-type-html elementor-field-group elementor-column elementor-field-group-field_621731e elementor-col-100\">\n\t\t\t\t\t<!-- \u0415\u043b\u0435\u043c\u0435\u043d\u0442\u0438 \u0437 \u0440\u0456\u0437\u043d\u0438\u043c\u0438 \u043a\u043b\u0430\u0441\u0430\u043c\u0438 -->\n<div class=\"block\">\n<a class=\"pos\" href=\"https:\/\/avocado.no\/en\/personvern\/\" style=\"display: none;\">Personvern<\/a>\n<a class=\"posen\" href=\"https:\/\/avocado.no\/en\/personvern-en\/\" style=\"display: none;\">Privacy Policy <\/a>\n<a class=\"posde\" href=\"https:\/\/avocado.no\/en\/personver-de\/\" style=\"display: none;\">Datenschutz<\/a>\n<\/div>\n<script>\n    document.addEventListener('DOMContentLoaded', function () {\n        const currentURL = window.location.pathname;\n\n        \/\/ \u0412\u0441\u0456 \u0435\u043b\u0435\u043c\u0435\u043d\u0442\u0438\n        const pos = document.querySelector('.pos');\n        const posen = document.querySelector('.posen');\n        const posde = document.querySelector('.posde');\n\n        \/\/ \u041f\u0435\u0440\u0435\u0432\u0456\u0440\u043a\u0430 URL \u0456 \u043f\u043e\u043a\u0430\u0437 \u043f\u043e\u0442\u0440\u0456\u0431\u043d\u043e\u0433\u043e \u0435\u043b\u0435\u043c\u0435\u043d\u0442\u0430\n        if (currentURL.includes('\/de\/')) {\n            posde.style.display = 'inline';  \/\/ \u041f\u043e\u043a\u0430\u0437\u0443\u0454\u043c\u043e \u0434\u043b\u044f \u043d\u0456\u043c\u0435\u0446\u044c\u043a\u043e\u0457\n        } else if (currentURL.includes('\/en\/')) {\n            posen.style.display = 'inline';  \/\/ \u041f\u043e\u043a\u0430\u0437\u0443\u0454\u043c\u043e \u0434\u043b\u044f \u0430\u043d\u0433\u043b\u0456\u0439\u0441\u044c\u043a\u043e\u0457\n        } else {\n            pos.style.display = 'inline';    \/\/ \u041f\u043e\u043a\u0430\u0437\u0443\u0454\u043c\u043e \u0434\u043b\u044f \u043d\u043e\u0440\u0432\u0435\u0437\u044c\u043a\u043e\u0457 \u0430\u0431\u043e \u0431\u0435\u0437 \u043c\u043e\u0432\u0438\n        }\n    });\n<\/script>\t\t\t\t<\/div>\n\t\t\t\t\t\t\t\t<div class=\"elementor-field-group elementor-column elementor-field-type-submit elementor-col-100 e-form__buttons\">\n\t\t\t\t\t<button class=\"elementor-button elementor-size-sm\" type=\"submit\">\n\t\t\t\t\t\t<span class=\"elementor-button-content-wrapper\">\n\t\t\t\t\t\t\t\t\t\t\t\t\t\t\t\t\t\t\t\t\t\t<span class=\"elementor-button-text\">Send<\/span>\n\t\t\t\t\t\t\t\t\t\t\t\t\t<\/span>\n\t\t\t\t\t<\/button>\n\t\t\t\t<\/div>\n\t\t\t<\/div>\n\t\t<input type=\"hidden\" name=\"trp-form-language\" value=\"en\"\/><\/form>\n\t\t\t\t\t\t<\/div>\n\t\t\t\t<\/div>\n\t\t\t\t\t<\/div>\n\t\t\t\t<\/div>\n\t\t\t\t<\/div>\n\t\t\t\t<\/div>\n\t\t\t\t\t\t<\/div>\n\t\t\t\t<\/div>\n\t\t\t\t<\/div>\n\t\t<div class=\"elementor-element elementor-element-6b374dc e-con-full e-flex e-con e-parent\" data-id=\"6b374dc\" data-element_type=\"container\" data-e-type=\"container\" data-settings=\"{&quot;jet_parallax_layout_list&quot;:[]}\">\n\t\t\t\t<div class=\"elementor-element elementor-element-3ad583c elementor-widget elementor-widget-template\" data-id=\"3ad583c\" data-element_type=\"widget\" data-e-type=\"widget\" data-widget_type=\"template.default\">\n\t\t\t\t<div class=\"elementor-widget-container\">\n\t\t\t\t\t\t\t<div class=\"elementor-template\">\n\t\t\t\t\t<div data-elementor-type=\"container\" data-elementor-id=\"602\" class=\"elementor elementor-602\" data-elementor-post-type=\"elementor_library\">\n\t\t\t\t<div class=\"elementor-element elementor-element-55fdfcb e-flex e-con-boxed e-con e-parent\" data-id=\"55fdfcb\" data-element_type=\"container\" data-e-type=\"container\" data-settings=\"{&quot;jet_parallax_layout_list&quot;:[]}\">\n\t\t\t\t\t<div class=\"e-con-inner\">\n\t\t\t\t<div class=\"elementor-element elementor-element-b75541e elementor-widget elementor-widget-heading\" data-id=\"b75541e\" data-element_type=\"widget\" data-e-type=\"widget\" data-widget_type=\"heading.default\">\n\t\t\t\t<div class=\"elementor-widget-container\">\n\t\t\t\t\t<p class=\"elementor-heading-title elementor-size-default\">Feel free to contact us<\/p>\t\t\t\t<\/div>\n\t\t\t\t<\/div>\n\t\t<div class=\"elementor-element elementor-element-7191af2 e-con-full e-flex e-con e-child\" data-id=\"7191af2\" data-element_type=\"container\" data-e-type=\"container\" data-settings=\"{&quot;jet_parallax_layout_list&quot;:[]}\">\n\t\t<div class=\"elementor-element elementor-element-6894f15 e-con-full e-flex e-con e-child\" data-id=\"6894f15\" data-element_type=\"container\" data-e-type=\"container\" data-settings=\"{&quot;jet_parallax_layout_list&quot;:[]}\">\n\t\t\t\t<div class=\"elementor-element elementor-element-c6256bb elementor-widget elementor-widget-text-editor\" data-id=\"c6256bb\" data-element_type=\"widget\" data-e-type=\"widget\" data-widget_type=\"text-editor.default\">\n\t\t\t\t<div class=\"elementor-widget-container\">\n\t\t\t\t\t\t\t\t\t<p style=\"text-align: center;\">Fridtjof Nansens plass 4<br \/>0160 Oslo<br \/>Norge<\/p>\t\t\t\t\t\t\t\t<\/div>\n\t\t\t\t<\/div>\n\t\t\t\t<div class=\"elementor-element elementor-element-794607a elementor-align-center elementor-icon-list--layout-traditional elementor-list-item-link-full_width elementor-widget elementor-widget-icon-list\" data-id=\"794607a\" data-element_type=\"widget\" data-e-type=\"widget\" data-widget_type=\"icon-list.default\">\n\t\t\t\t<div class=\"elementor-widget-container\">\n\t\t\t\t\t\t\t<ul class=\"elementor-icon-list-items\">\n\t\t\t\t\t\t\t<li class=\"elementor-icon-list-item\">\n\t\t\t\t\t\t\t\t\t\t\t<a href=\"http:\/\/post@avocado.no\/en\/\">\n\n\t\t\t\t\t\t\t\t\t\t\t<span class=\"elementor-icon-list-text\">post@avocado.no<\/span>\n\t\t\t\t\t\t\t\t\t\t\t<\/a>\n\t\t\t\t\t\t\t\t\t<\/li>\n\t\t\t\t\t\t\t\t<li class=\"elementor-icon-list-item\">\n\t\t\t\t\t\t\t\t\t\t\t<a href=\"tel:+47%2022%2098%2000%2000\">\n\n\t\t\t\t\t\t\t\t\t\t\t<span class=\"elementor-icon-list-text\">+47 22 98 00 00<\/span>\n\t\t\t\t\t\t\t\t\t\t\t<\/a>\n\t\t\t\t\t\t\t\t\t<\/li>\n\t\t\t\t\t\t<\/ul>\n\t\t\t\t\t\t<\/div>\n\t\t\t\t<\/div>\n\t\t\t\t<\/div>\n\t\t<div class=\"elementor-element elementor-element-6a666fa e-con-full e-flex e-con e-child\" data-id=\"6a666fa\" data-element_type=\"container\" data-e-type=\"container\" data-settings=\"{&quot;jet_parallax_layout_list&quot;:[]}\">\n\t\t\t\t<div class=\"elementor-element elementor-element-dfae199 elementor-widget elementor-widget-google_maps\" data-id=\"dfae199\" data-element_type=\"widget\" data-e-type=\"widget\" data-widget_type=\"google_maps.default\">\n\t\t\t\t<div class=\"elementor-widget-container\">\n\t\t\t\t\t\t\t<div class=\"elementor-custom-embed\">\n\t\t\t<iframe loading=\"lazy\"\n\t\t\t\t\tsrc=\"https:\/\/maps.google.com\/maps?q=Fridtjof%20Nansens%20plass%204%2C%200160%20Oslo%2C%20Norway&#038;t=m&#038;z=17&#038;output=embed&#038;iwloc=near\"\n\t\t\t\t\ttitle=\"Fridtjof Nansens plass 4, 0160 Oslo, Norway\"\n\t\t\t\t\taria-label=\"Fridtjof Nansens plass 4, 0160 Oslo, Norway\"\n\t\t\t><\/iframe>\n\t\t<\/div>\n\t\t\t\t\t\t<\/div>\n\t\t\t\t<\/div>\n\t\t\t\t<\/div>\n\t\t\t\t<\/div>\n\t\t\t\t\t<\/div>\n\t\t\t\t<\/div>\n\t\t\t\t<\/div>\n\t\t\t\t<\/div>\n\t\t\t\t\t\t<\/div>\n\t\t\t\t<\/div>\n\t\t\t\t<\/div>\n\t\t\t\t<\/div>","protected":false},"excerpt":{"rendered":"<p>Det harde, det myke og beskyttelsen rundt Vi har l\u00e5nt v\u00e5rt navn fra nahuatl-ordet ahuacatl.De spanske conquistadorene endret det til avocado, som var den tidens spanske navn for advokat. For oss er det en fin metafor for v\u00e5r virksomhet. Vi ser den harde kjernen i frukten som jussen, det myke rundt som det menneskelige, og [&hellip;]<\/p>","protected":false},"author":1,"featured_media":0,"parent":0,"menu_order":0,"comment_status":"closed","ping_status":"closed","template":"elementor_header_footer","meta":{"footnotes":""},"class_list":["post-835","page","type-page","status-publish","hentry"],"_links":{"self":[{"href":"https:\/\/avocado.no\/en\/wp-json\/wp\/v2\/pages\/835","targetHints":{"allow":["GET"]}}],"collection":[{"href":"https:\/\/avocado.no\/en\/wp-json\/wp\/v2\/pages"}],"about":[{"href":"https:\/\/avocado.no\/en\/wp-json\/wp\/v2\/types\/page"}],"author":[{"embeddable":true,"href":"https:\/\/avocado.no\/en\/wp-json\/wp\/v2\/users\/1"}],"replies":[{"embeddable":true,"href":"https:\/\/avocado.no\/en\/wp-json\/wp\/v2\/comments?post=835"}],"version-history":[{"count":43,"href":"https:\/\/avocado.no\/en\/wp-json\/wp\/v2\/pages\/835\/revisions"}],"predecessor-version":[{"id":1077,"href":"https:\/\/avocado.no\/en\/wp-json\/wp\/v2\/pages\/835\/revisions\/1077"}],"wp:attachment":[{"href":"https:\/\/avocado.no\/en\/wp-json\/wp\/v2\/media?parent=835"}],"curies":[{"name":"wp","href":"https:\/\/api.w.org\/{rel}","templated":true}]}}